{"id":1321,"date":"2021-09-16T10:01:15","date_gmt":"2021-09-16T10:01:15","guid":{"rendered":"http:\/\/gasb.de\/?page_id=1321"},"modified":"2022-11-19T16:35:15","modified_gmt":"2022-11-19T16:35:15","slug":"dsgvo","status":"publish","type":"page","link":"https:\/\/gasb.de\/de\/dsgvo\/","title":{"rendered":"DSGVO"},"content":{"rendered":"<p>[et_pb_section fb_built=&#8221;1&#8243; admin_label=&#8221;Hero Section&#8221; _builder_version=&#8221;4.16&#8243; background_color=&#8221;rgba(255,247,252,0.63)&#8221; use_background_color_gradient=&#8221;on&#8221; background_color_gradient_type=&#8221;circular&#8221; background_color_gradient_stops=&#8221;#890c48 0%|#30011b 100%&#8221; background_color_gradient_start=&#8221;#890c48&#8243; background_color_gradient_end=&#8221;#30011b&#8221; background_image=&#8221;https:\/\/gasb.de\/wp-content\/uploads\/2021\/05\/Element-2@3x.png&#8221; parallax=&#8221;on&#8221; custom_margin=&#8221;-27px||||false|false&#8221; custom_padding=&#8221;80px|0px||0px&#8221; animation_style=&#8221;slide&#8221; animation_direction=&#8221;top&#8221; animation_intensity_slide=&#8221;2%&#8221; animation_starting_opacity=&#8221;100%&#8221; locked=&#8221;off&#8221; global_colors_info=&#8221;{}&#8221;][et_pb_row column_structure=&#8221;1_2,1_2&#8243; _builder_version=&#8221;4.16&#8243; width=&#8221;70%&#8221; max_width=&#8221;70%&#8221; module_alignment=&#8221;center&#8221; custom_margin=&#8221;|||&#8221; custom_padding=&#8221;0px||0px|&#8221; custom_width_px=&#8221;1440px&#8221; global_colors_info=&#8221;{}&#8221;][et_pb_column type=&#8221;1_2&#8243; _builder_version=&#8221;4.16&#8243; custom_padding=&#8221;|||&#8221; global_colors_info=&#8221;{}&#8221; custom_padding__hover=&#8221;|||&#8221;][et_pb_text _builder_version=&#8221;4.16&#8243; text_font=&#8221;||||||||&#8221; header_font=&#8221;Playfair Display|700|||||||&#8221; header_text_color=&#8221;#ffffff&#8221; header_font_size=&#8221;60px&#8221; header_line_height=&#8221;1.5em&#8221; header_2_font=&#8221;||||||||&#8221; header_3_font=&#8221;||||||||&#8221; header_4_font=&#8221;||||||||&#8221; header_5_font=&#8221;||||||||&#8221; header_6_font=&#8221;||||||||&#8221; custom_margin=&#8221;||20px|&#8221; header_font_size_tablet=&#8221;60px&#8221; header_font_size_phone=&#8221;45px&#8221; header_font_size_last_edited=&#8221;on|phone&#8221; locked=&#8221;off&#8221; inline_fonts=&#8221;Voces,Ubuntu,ABeeZee&#8221; global_colors_info=&#8221;{}&#8221;]<\/p>\n<h1><span style=\"font-family: ABeeZee; font-weight: normal;\"><strong>DSGVO<\/strong><\/span><\/h1>\n<h4><span style=\"color: #ffffff;\">German Association for Synthetic Biology\u00a0 (GASB)<\/span><\/h4>\n<p>[\/et_pb_text][et_pb_divider color=&#8221;gcid-f40ca6e1-718e-44e1-9598-c5b64da96f4c&#8221; divider_weight=&#8221;3px&#8221; disabled_on=&#8221;on|on|off&#8221; _builder_version=&#8221;4.16&#8243; max_width=&#8221;80px&#8221; module_alignment=&#8221;left&#8221; height=&#8221;10px&#8221; custom_margin=&#8221;||20px|&#8221; animation_style=&#8221;slide&#8221; animation_direction=&#8221;bottom&#8221; saved_tabs=&#8221;all&#8221; locked=&#8221;off&#8221; global_colors_info=&#8221;{%22gcid-f40ca6e1-718e-44e1-9598-c5b64da96f4c%22:%91%22color%22%93}&#8221;][\/et_pb_divider][et_pb_text _builder_version=&#8221;4.16&#8243; text_font=&#8221;Poppins||||||||&#8221; text_text_color=&#8221;rgba(255,255,255,0.8)&#8221; text_font_size=&#8221;18px&#8221; text_line_height=&#8221;1.8em&#8221; header_font=&#8221;||||||||&#8221; custom_padding=&#8221;||0px|||&#8221; locked=&#8221;off&#8221; global_colors_info=&#8221;{}&#8221;][\/et_pb_text][\/et_pb_column][et_pb_column type=&#8221;1_2&#8243; _builder_version=&#8221;4.16&#8243; custom_padding=&#8221;|||&#8221; global_colors_info=&#8221;{}&#8221; custom_padding__hover=&#8221;|||&#8221;][\/et_pb_column][\/et_pb_row][\/et_pb_section][et_pb_section fb_built=&#8221;1&#8243; admin_label=&#8221;About Us&#8221; _builder_version=&#8221;4.16&#8243; custom_padding=&#8221;||26px|||&#8221; locked=&#8221;off&#8221; global_colors_info=&#8221;{}&#8221;][et_pb_row _builder_version=&#8221;4.16&#8243; _module_preset=&#8221;default&#8221; global_colors_info=&#8221;{}&#8221;][et_pb_column type=&#8221;4_4&#8243; _builder_version=&#8221;4.16&#8243; _module_preset=&#8221;default&#8221; global_colors_info=&#8221;{}&#8221;][et_pb_text _builder_version=&#8221;4.16&#8243; _module_preset=&#8221;default&#8221; custom_padding=&#8221;20px||23px|||&#8221; global_colors_info=&#8221;{}&#8221;]<\/p>\n<p style=\"text-align: justify;\"><strong>Datenschutz im Internet<\/strong><\/p>\n<p style=\"text-align: justify;\">Die GASB sieht sich dem Datenschutz, insbesondere dem Prinzip der Datensparsamkeit und der Transparenz und Eindeutigkeit verpflichtet. Wir nehmen den Datenschutz ernst und informieren die Betroffenen \u00fcber Datenerhebung und \u2013nutzung sowie \u00c4nderungs-, Widerspruchs- und L\u00f6schungsm\u00f6glichkeiten.<\/p>\n<p style=\"text-align: justify;\">Ihre personenbezogenen Daten werden von GASB gem\u00e4\u00df der europ\u00e4ischen Datenschutzgrundverordnung (DSGVO) und dem deutschen Datenschutzrecht (BDSGV) erhoben, verwaltet und genutzt.<\/p>\n<p style=\"text-align: justify;\"><strong>1. Mitglieder<\/strong><\/p>\n<p style=\"text-align: justify;\">GASB erhebt, verarbeitet und speichert Mitgliederdaten, die f\u00fcr die Verfolgung des satzungsgem\u00e4\u00dfen Vereinszwecks bzw. zur Betreuung und Verwaltung von Mitgliedern essentiell sind.<\/p>\n<p style=\"text-align: justify;\"><strong>1.1 Datenerhebung<\/strong><\/p>\n<p style=\"text-align: justify;\"><strong>1.1.1 individuelle Mitglieder<\/strong><\/p>\n<p style=\"text-align: justify;\">Mit dem Beitritt eines Mitglieds erhebt die \u201cGerman Association for Synthetic Biology \u2013 GASB e.V.\u201d (im Folgenden \u201eGASB\u201c) folgende personenbezogene Daten (Basisdaten), die f\u00fcr die Verfolgung des satzungsgem\u00e4\u00dfen Vereinszwecks, zur Gestaltung der Mitgliedschaft bzw. zur Betreuung und Verwaltung von Mitgliedern essentiell sind: Anrede, Vorname, Nachname, Geburtsdatum, Institution, Land, Adresse, E-Mail, Beitragszuordnung, Zahlart, Beitrittsdatum.<\/p>\n<p style=\"text-align: justify;\">Beim Beitritt w\u00e4hlt das Neumitglied eine Beitragszuordnung aus. Neumitglieder, die eine Erm\u00e4\u00dfigung in Anspruch nehmen wollen, sind verpflichtet, diese zu belegen. GASB kann dazu schriftliche Belege anfordern, die archiviert werden. Sollten diese aufgrund ihres Ursprungs weitere pers\u00f6nliche Daten (z. B. Matrikelnummer) enthalten oder Dritte betreffen, so wird GASB diese Daten nur zu Zwecken der Mitgliederverwaltung bzw. zur Verwirklichung seiner Vereinsziele verwenden (siehe 3. Datennutzung). Dasselbe gilt f\u00fcr ggf. abweichende Rechnungsadressen.<\/p>\n<p style=\"text-align: justify;\">Um die Mitgliederverwaltung zu erlechtern bzw. den Austausch von Mitgliedern mit gleichen Interessen zu verbessern, werden auf freiwilliger Basis folgende weitere Daten erhoben: Bankverbindung, Titel, Telefonnummer.<\/p>\n<p style=\"text-align: justify;\">Mit dem Beitritt wird jedem Vereinsmitglied eine pers\u00f6nliche Mitgliedsnummer zugeordnet.<\/p>\n<p style=\"text-align: justify;\"><strong>1.1.2 F\u00f6rdermitglieder<\/strong><\/p>\n<p style=\"text-align: justify;\">GASB erhebt von seinen F\u00f6rdermitgliedern grunds\u00e4tzlich nur die Daten, die f\u00fcr die satzungsgem\u00e4\u00dfe Arbeit, zur Gestaltung der Mitgliedschaft inkl. Festlegung und Zahlung des Mitgliedsbeitrages und der Kommunikation untereinander notwendig sind.<\/p>\n<p style=\"text-align: justify;\">Beim Beitritt werden dazu bei den F\u00f6rdermitgliedern folgende Daten erhoben:<\/p>\n<p style=\"text-align: justify;\">Gr\u00f6\u00dfe bzw. Besch\u00e4ftigtenzahl des kooperierenden Mitglieds, Basisdaten und weitere personenbezogene Daten (Name, Vorname, Titel, Geburtsdatum, e-Mail, Postadresse, Bundesland), des Ansprechpartners, ggf. abweichende Rechnungsadressen.<\/p>\n<p style=\"text-align: justify;\"><strong>2. Datenspeicherung<\/strong><\/p>\n<p style=\"text-align: justify;\">Die personenbezogenen Daten werden in einem EDV-System gespeichert, zu dem nur Personen Zugang haben, die aufgrund ihrer Funktion oder Aufgabe in der GASB dazu ausdr\u00fccklich erm\u00e4chtigt wurden und eine Datenschutzverpflichtung unterschrieben haben. Dar\u00fcber hinaus k\u00f6nnen externe Dienstleister mit der Datenspeicherung beauftragt werden. Der externe Dienstleister muss ein geeignetes Datenschutzkonzept (Datenschutzerkl\u00e4rung, Verschwiegenheitsklauseln, etc.) nachweisen.<\/p>\n<p style=\"text-align: justify;\">Die personenbezogenen Daten werden dabei gem\u00e4\u00df Anlage zu \u00a7 9 BDSG durch geeignete technische und organisatorische Ma\u00dfnahmen (insbesondere durch Kontrolle von Zutritt, Zugang, Zugriff, Weitergabe, Eingabe, Beauftragung und Verf\u00fcgbarkeit sowie durch Datentrennung) vor der Kenntnisnahme unbefugter Dritter gesch\u00fctzt.<\/p>\n<p style=\"text-align: justify;\"><strong>3. Datennutzung<\/strong><\/p>\n<p style=\"text-align: justify;\">Die unter 1 genannten personenbezogenen Daten werden grunds\u00e4tzlich nur zur Verfolgung der satzungsgem\u00e4\u00dfen Vereinszwecke bzw. zur Betreuung und Verwaltung von Mitgliedern genutzt. Dies erfolgt nur dann, sofern keine Anhaltspunkte bestehen, dass die betroffene Person ein schutzw\u00fcrdiges Interesse hat, das der Verarbeitung entgegensteht. Wenn der Nutzung bestimmter Daten widersprochen wird, werden die entsprechenden Daten gel\u00f6scht. Wenn die L\u00f6schung der Daten aus technischen Gr\u00fcnden nicht m\u00f6glich ist, wird die betroffene Person davon unterrichtet. Daten, die gesetzlichen Bestimmungen unterliegen (z.B. finanzamtsrelevante Unterlagen) werden nach Ablauf der entsprechenden Fristen, sp\u00e4testens nach zehn Jahren gel\u00f6scht.<\/p>\n<p style=\"text-align: justify;\">Die Nutzung von personenbezogenen Daten individueller Mitglieder erfolgt nur durch Personen, die eine Datenschutzerkl\u00e4rung unterschrieben haben.<\/p>\n<p style=\"text-align: justify;\"><strong>3.1 Datenzugriff<\/strong><\/p>\n<p style=\"text-align: justify;\">Zeichnungsberechtigte Pr\u00e4sidiumsmitglieder erhalten Zugriff auf alle Mitgliederdaten, sofern diese zur Aufgabenerledigung unmittelbar ben\u00f6tigt werden\u201c. Dazu geh\u00f6ren im Fall des Schatzmeisters auch alle f\u00fcr Beitragsfestsetzung und Beitragseinzug relevanten Mitgliederdaten.<\/p>\n<p style=\"text-align: justify;\"><strong>3.2 Datenweitergabe innerhalb der GASB<\/strong><\/p>\n<p style=\"text-align: justify;\">Personenbezogene Daten von individuellen GASB-Mitgliedern werden intern grunds\u00e4tzlich nur weiter gegeben, wenn dies den Vereinszwecken bzw. der Mitgliederbetreuung dient.<\/p>\n<p style=\"text-align: justify;\">Die Weitergabe von personenbezogenen Daten individueller Mitglieder erfolgt nur an satzungsgem\u00e4\u00dfe Funktionstr\u00e4ger der GASB, die sich schriftlich verpflichtet haben, bei der Nutzung die Datenschutzbestimmungen einzuhalten.<\/p>\n<p style=\"text-align: justify;\">Zwischen den unterschiedlichen Mitgliedsgruppen in der GASB (individuelle und F\u00f6rdermitglieder) werden keine Einzeldaten, sondern jeweils nur personenbezogene Daten der jeweiligen Kontaktpersonen \u00fcbermittelt. Hierzu ist grunds\u00e4tzlich eine schriftliche Anfrage notwendig.<\/p>\n<p style=\"text-align: justify;\"><strong>3.3. Datenweitergabe an Dritte<\/strong><\/p>\n<p style=\"text-align: justify;\">Personenbezogene Daten seiner individuellen Mitglieder sowie die Kontaktdaten seiner F\u00f6rdermitglieder werden grunds\u00e4tzlich nicht zu Werbezwecken an Dritte weitergegeben.<\/p>\n<p style=\"text-align: justify;\">Zum Zweck der brieflichen Kommunikation mit seinen Mitgliedern beh\u00e4lt sich GASB vor, personenbezogene Daten individueller Mitglieder auch an Dritte (z. B. Versender) weiterzuleiten, die sich ihrerseits vertraglich dem Datenschutz verpflichtet haben.<\/p>\n<p style=\"text-align: justify;\">Im Falle von Verg\u00fcnstigungen, die an die Mitgliedschaft der GASB gebunden sind (z. B. preisreduzierte Konferenzteilnahme) wird GASB auf Nachfrage Auskunft \u00fcber die Mitgliedschaft erteilen. In diesem Zusammenhang beh\u00e4lt sich GASB die \u00dcbermittlung personenbezogener Daten (Vorname, Name, Titel, Postadresse, ggf. Dienstadresse, Mitgliedsnummer) von individuellen Mitgliedern vor, sofern dies f\u00fcr die Gew\u00e4hrung der Verg\u00fcnstigung essentiell ist.<\/p>\n<p style=\"text-align: justify;\"><strong>3.4 Vorgaben Dritter<\/strong><\/p>\n<p style=\"text-align: justify;\">GASB weist darauf hin, dass GASB im Rahmen des (internationalen) Zahlungsverkehrs (SEPA-Mandate) auch Basisdaten an Banken \u00fcbermitteln kann, sofern dies von den Banken als unabdingbare Voraussetzung f\u00fcr die Abwicklung der Zahlung des Mitgliedsbeitrages gefordert wird.<\/p>\n<p style=\"text-align: justify;\">GASB beh\u00e4lt sich vor, den Zahlungsverkehr inklusive etwaiger R\u00fccklastschriften zu dokumentieren.<\/p>\n<p style=\"text-align: justify;\"><strong>4. Ver\u00f6ffentlichung<\/strong><\/p>\n<p style=\"text-align: justify;\">GASB macht besondere Ereignisse und Aktivit\u00e4ten \u00fcber Pressemitteilungen, auf der Internetseite der GASB oder im Intranet bekannt. Dabei k\u00f6nnen im Einzelfall Fotos und ausgew\u00e4hlte personenbezogene Mitgliederdaten (Vorname, Name, Funktion) ver\u00f6ffentlicht werden.<\/p>\n<p style=\"text-align: justify;\">Das einzelne Mitglied kann jederzeit gegen\u00fcber der Mitgliederverwaltung einer solchen Ver\u00f6ffentlichung widersprechen. Im Falle des Widerspruches unterbleibt in Bezug auf das widersprechende Mitglied eine weitere Ver\u00f6ffentlichung, mit Ausnahme von Ergebnissen aus Wahlen.<\/p>\n<p style=\"text-align: justify;\">Kontaktdaten von satzungsgem\u00e4\u00dfen Funktionstr\u00e4gern werden nur dann ver\u00f6ffentlicht, wenn es sich um dienstliche Daten handelt. Private Kontaktdaten k\u00f6nnen nur ver\u00f6ffentlicht werden, wenn der satzungsgem\u00e4\u00dfe Funktionstr\u00e4ger diesem explizit zugestimmt hat.<\/p>\n<p style=\"text-align: justify;\"><strong>5. Auskunfts-, \u00c4nderungs- und L\u00f6schrechte<\/strong><\/p>\n<p style=\"text-align: justify;\">Sie haben das Recht auf Auskunft, welche personenbezogenen Daten wir \u00fcber Sie gespeichert haben. Dar\u00fcber hinaus steht Ihnen das Recht zu, unrichtige oder veraltete Daten zu berichtigen und alle Daten, die nicht unmittelbar der Mitgliederverwaltung und \u2013betreuung (Basisdaten) bzw. der steuerrechtlichen Vorhaltefrist dienen, zu sperren oder zu l\u00f6schen.<\/p>\n<p style=\"text-align: justify;\"><strong>6. L\u00f6schung bei Ende der Mitgliedschaft<\/strong><\/p>\n<p style=\"text-align: justify;\">Ihre Daten werden bis zum Ende Ihrer Mitgliedschaft gespeichert. Beim Austritt des Mitglieds werden alle personenbezogenen Daten grunds\u00e4tzlich gel\u00f6scht, sofern diese nicht die Kassenf\u00fchrung betreffen. Diese Daten bleiben gem\u00e4\u00df der steuergesetzlichen Bestimmungen bis zu zehn Jahre nach der schriftlichen Best\u00e4tigung des Austritts durch die Mitgliederverwaltung gespeichert. Sie sind in dieser Zeit gesperrt und werden mit Ablauf der zehnj\u00e4hrigen Vorhaltefrist gel\u00f6scht.<\/p>\n<p style=\"text-align: justify;\">Unterlagen und Datenbanken, die GASB nicht mehr ben\u00f6tigt, werden so entsorgt, dass Dritte keine Kenntnis von den darin enthaltenen personenbezogenen Daten erlangen k\u00f6nnen.<\/p>\n<p style=\"text-align: justify;\"><strong>Internet<\/strong><\/p>\n<p style=\"text-align: justify;\"><strong>7. Facebook Plugins<\/strong><\/p>\n<p style=\"text-align: justify;\">Auf unseren Internetseiten www.ga-sb.de und www.synthetischebiologie.org sind Plugins des sozialen Netzwerks Facebook, 1601 South California Avenue, Palo Alto, CA 94304, USA integriert (Facebook-Logo bzw. &#8220;Like-Button&#8221;). Eine \u00dcbersicht \u00fcber die Facebook-Plugins finden Sie hier: <a href=\"http:\/\/developers.facebook.com\/docs\/plugins\/\" target=\"_blank\" rel=\"noopener\">http:\/\/developers.facebook.com\/docs\/plugins\/<\/a>.<\/p>\n<p style=\"text-align: justify;\">Wenn Sie unsere Seite besuchen, wird \u00fcber das Plugin eine direkte Verbindung zwischen Ihrem Browser und dem Facebook-Server hergestellt. Facebook erh\u00e4lt dadurch die Information, dass Sie mit Ihrer IP-Adresse unsere Seite besucht haben. Wenn Sie den Facebook &#8220;Like-Button&#8221; anklicken w\u00e4hrend Sie in Ihrem Facebook-Account eingeloggt sind, k\u00f6nnen Sie die Inhalte unserer Seiten auf Ihrem Facebook-Profil verlinken. Dadurch kann Facebook den Besuch unserer Seiten Ihrem Benutzerkonto zuordnen. Wir weisen darauf hin, dass wir als Anbieter der Seiten keine Kenntnis vom Inhalt der \u00fcbermittelten Daten sowie deren Nutzung durch Facebook erhalten. Weitere Informationen hierzu finden Sie in der Datenschutzerkl\u00e4rung von facebook unter <a href=\"http:\/\/de-de.facebook.com\/policy.php\" target=\"_blank\" rel=\"noopener\">http:\/\/de-de.facebook.com\/policy.php.<\/a><\/p>\n<p style=\"text-align: justify;\">Wenn Sie nicht w\u00fcnschen, dass Facebook den Besuch unserer Seiten Ihrem Facebook-Nutzerkonto zuordnen kann, loggen Sie sich bitte aus Ihrem Facebook-Benutzerkonto aus.<\/p>\n<p style=\"text-align: justify;\"><strong>Twitter-Dienste<\/strong><\/p>\n<p style=\"text-align: justify;\">Unsere Internetseiten www.ga-sb.de und www.synthetischebiologie.org verwenden Dienste des sozialen Onlinedienstes Twitter. Twitter wird von der Twitter Inc., 795 Folsom Street, Suite 600, San Francisco, CA 94107, USA betrieben. Durch die Benutzung der Funktion &#8220;Re-Tweet&#8221;, die durch das Bet\u00e4tigen des &#8220;Tweet &#8211; Buttons&#8221; geschieht, entsteht eine Verkn\u00fcpfung der von Ihnen aufgerufenen Webseite mit Ihrem Benutzerkonto bei Twitter. Diese Information wird anderen Twitternutzern entsprechend angezeigt.<\/p>\n<p style=\"text-align: justify;\">Wir weisen darauf hin, dass wir leider keinen Einfluss auf den Inhalt, Umfang der Nutzung der von Twitter Inc. erhobenen Daten haben und verweisen f\u00fcr weiterf\u00fchrende Informationen auf die Seiten der Twitter Inc. unter: http:\/\/twitter.com\/privacy Weiterhin weisen wir Sie darauf hin, dass Sie zum Schutze Ihrer Privatsph\u00e4re entsprechende \u00c4nderungen in Ihrem Twitterkonto vornehmen k\u00f6nnen<\/p>\n<p style=\"text-align: justify;\"><strong>12. Teilnehmer an Veranstaltungen<\/strong><\/p>\n<p style=\"text-align: justify;\">GASB erhebt bei Teilnehmern von Veranstaltungen nur die Daten, die zur Durchf\u00fchrung der Veranstaltung bzw. zur Ausstellung von Teilnahmebescheinigungen erforderlich sind. Dies sind in der Regel Vorname, Name, Titel sowie e-Mail-Adresse oder Postadresse.<\/p>\n<p style=\"text-align: justify;\">Sofern bei kostenpflichtigen Veranstaltungen Verg\u00fcnstigungen einger\u00e4umt werden sollen, beh\u00e4lt sich GASB die Anforderung zus\u00e4tzlicher Belege vor, die den Anspruch auf Verg\u00fcnstigung belegen.<\/p>\n<p style=\"text-align: justify;\">Zur Dokumentation der Veranstaltung k\u00f6nnen Bild- und Tonaufnahmen gemacht werden, die ihrerseits im Rahmen der Berichterstattung in Print- oder Digitalmedien verwendet werden k\u00f6nnen. Dabei wird GASB die Pers\u00f6nlichkeitsrechte der Abgebildeten beachten.<\/p>\n<p style=\"text-align: justify;\"><strong>13. Versandkunden<\/strong><\/p>\n<p style=\"text-align: justify;\">GASB erhebt bei der Bestellung von Informationsmaterial nur die Daten, die zur ordnungsgem\u00e4\u00dfen Abwicklung der Bestellung erforderlich sind. Dies sind in der Regel Vorname, Name, Titel sowie die Lieferadresse und (sofern abweichend) die Rechnungsadresse des Bestellers.<br \/>Sofern bei kostenpflichtigem Informationsmaterial Verg\u00fcnstigungen einger\u00e4umt werden sollen, beh\u00e4lt sich GASB die Anforderung zus\u00e4tzlicher Belege vor, die den Anspruch auf Verg\u00fcnstigung belegen und speichert diese, solange sie f\u00fcr die ordnungsgem\u00e4\u00dfe Abwicklung der Bestellung notwendig sind.<\/p>\n<p>[\/et_pb_text][\/et_pb_column][\/et_pb_row][et_pb_row _builder_version=&#8221;4.16&#8243; _module_preset=&#8221;default&#8221; global_colors_info=&#8221;{}&#8221;][et_pb_column type=&#8221;4_4&#8243; _builder_version=&#8221;4.16&#8243; _module_preset=&#8221;default&#8221; global_colors_info=&#8221;{}&#8221;][et_pb_button button_url=&#8221;https:\/\/gasb.de\/wp-content\/uploads\/2021\/07\/DSGVODisclaimer.pdf&#8221; url_new_window=&#8221;on&#8221; button_text=&#8221;DSGVO &#8211; GASB e.V.&#8221; _builder_version=&#8221;4.19.1&#8243; _module_preset=&#8221;default&#8221; custom_button=&#8221;on&#8221; button_text_size=&#8221;20px&#8221; button_text_color=&#8221;gcid-f40ca6e1-718e-44e1-9598-c5b64da96f4c&#8221; button_bg_use_color_gradient=&#8221;on&#8221; button_bg_color_gradient_direction=&#8221;148deg&#8221; button_bg_color_gradient_stops=&#8221;#ad2e6e 0%|#89005b 100%&#8221; button_bg_color_gradient_start=&#8221;#ad2e6e&#8221; button_bg_color_gradient_end=&#8221;#89005b&#8221; button_border_width=&#8221;2px&#8221; button_border_radius=&#8221;13px&#8221; button_letter_spacing=&#8221;0px&#8221; button_font=&#8221;Poppins|||on|||||&#8221; custom_padding=&#8221;0px|0px|0px|0px|true|true&#8221; hover_enabled=&#8221;0&#8243; box_shadow_style=&#8221;preset3&#8243; box_shadow_vertical=&#8221;10px&#8221; box_shadow_blur=&#8221;30px&#8221; box_shadow_spread=&#8221;-10px&#8221; box_shadow_color=&#8221;#5A0C1C&#8221; global_colors_info=&#8221;{%22gcid-f40ca6e1-718e-44e1-9598-c5b64da96f4c%22:%91%22button_text_color%22%93,%22gcid-b290706e-adf1-4fb7-a725-22e90603be8f%22:%91%22button_bg_color%22%93}&#8221; button_letter_spacing__hover=&#8221;1px&#8221; button_letter_spacing__hover_enabled=&#8221;on&#8221; sticky_enabled=&#8221;0&#8243; button_alignment=&#8221;center&#8221; background_layout=&#8221;dark&#8221; button_bg_color=&#8221;gcid-b290706e-adf1-4fb7-a725-22e90603be8f&#8221; button_bg_enable_color=&#8221;on&#8221; button_border_color=&#8221;RGBA(255,255,255,0)&#8221; custom_margin=&#8221;39px||39px||true|false&#8221;][\/et_pb_button][\/et_pb_column][\/et_pb_row][\/et_pb_section]<\/p>\n","protected":false},"excerpt":{"rendered":"<p>DSGVO German Association for Synthetic Biology\u00a0 (GASB)Datenschutz im Internet Die GASB sieht sich dem Datenschutz, insbesondere dem Prinzip der Datensparsamkeit und der Transparenz und Eindeutigkeit verpflichtet. Wir nehmen den Datenschutz ernst und informieren die Betroffenen \u00fcber Datenerhebung und \u2013nutzung sowie \u00c4nderungs-, Widerspruchs- und L\u00f6schungsm\u00f6glichkeiten. Ihre personenbezogenen Daten werden von GASB gem\u00e4\u00df der europ\u00e4ischen Datenschutzgrundverordnung (DSGVO) [&hellip;]<\/p>\n","protected":false},"author":1,"featured_media":0,"parent":0,"menu_order":0,"comment_status":"closed","ping_status":"closed","template":"","meta":{"_et_pb_use_builder":"on","_et_pb_old_content":"","_et_gb_content_width":"","footnotes":""},"class_list":["post-1321","page","type-page","status-publish","hentry"],"wpcf_dashboard":"<div class=\"woocommerce\"><div class=\"woocommerce-info\">Please log in first? <a class=\"wpneoShowLogin\" href=\"#\">Click here to login<\/a><\/div><div class=\"wpneo_login_form_div\" style=\"display: none;\"><form name=\"loginform\" id=\"loginform\" action=\"https:\/\/gasb.de\/wp-login.php\" method=\"post\"><p class=\"login-username\">\n\t\t\t\t<label for=\"user_login\">Benutzername oder E-Mail-Adresse<\/label>\n\t\t\t\t<input type=\"text\" name=\"log\" id=\"user_login\" autocomplete=\"username\" class=\"input\" value=\"\" size=\"20\" \/>\n\t\t\t<\/p><p class=\"login-password\">\n\t\t\t\t<label for=\"user_pass\">Passwort<\/label>\n\t\t\t\t<input type=\"password\" name=\"pwd\" id=\"user_pass\" autocomplete=\"current-password\" spellcheck=\"false\" class=\"input\" value=\"\" size=\"20\" \/>\n\t\t\t<\/p><p class=\"login-remember\"><label><input name=\"rememberme\" type=\"checkbox\" id=\"rememberme\" value=\"forever\" \/> Angemeldet bleiben<\/label><\/p><p class=\"login-submit\">\n\t\t\t\t<input type=\"submit\" name=\"wp-submit\" id=\"wp-submit\" class=\"button button-primary\" value=\"Anmelden\" \/>\n\t\t\t\t<input type=\"hidden\" name=\"redirect_to\" value=\"https:\/\/gasb.de\/de\/wp-json\/wp\/v2\/pages\/1321\" \/>\n\t\t\t<\/p><\/form><\/div><\/div>","jetpack_sharing_enabled":true,"_links":{"self":[{"href":"https:\/\/gasb.de\/de\/wp-json\/wp\/v2\/pages\/1321"}],"collection":[{"href":"https:\/\/gasb.de\/de\/wp-json\/wp\/v2\/pages"}],"about":[{"href":"https:\/\/gasb.de\/de\/wp-json\/wp\/v2\/types\/page"}],"author":[{"embeddable":true,"href":"https:\/\/gasb.de\/de\/wp-json\/wp\/v2\/users\/1"}],"replies":[{"embeddable":true,"href":"https:\/\/gasb.de\/de\/wp-json\/wp\/v2\/comments?post=1321"}],"version-history":[{"count":10,"href":"https:\/\/gasb.de\/de\/wp-json\/wp\/v2\/pages\/1321\/revisions"}],"predecessor-version":[{"id":243490,"href":"https:\/\/gasb.de\/de\/wp-json\/wp\/v2\/pages\/1321\/revisions\/243490"}],"wp:attachment":[{"href":"https:\/\/gasb.de\/de\/wp-json\/wp\/v2\/media?parent=1321"}],"curies":[{"name":"wp","href":"https:\/\/api.w.org\/{rel}","templated":true}]}}