{"id":1270,"date":"2021-09-16T09:36:04","date_gmt":"2021-09-16T09:36:04","guid":{"rendered":"http:\/\/gasb.de\/?page_id=1270"},"modified":"2025-02-28T15:43:17","modified_gmt":"2025-02-28T15:43:17","slug":"impressum","status":"publish","type":"page","link":"https:\/\/gasb.de\/de\/impressum\/","title":{"rendered":"Impressum"},"content":{"rendered":"<p>[et_pb_section fb_built=&#8221;1&#8243; admin_label=&#8221;Hero Section&#8221; _builder_version=&#8221;4.16&#8243; background_color=&#8221;gcid-b290706e-adf1-4fb7-a725-22e90603be8f&#8221; use_background_color_gradient=&#8221;on&#8221; background_color_gradient_type=&#8221;circular&#8221; background_color_gradient_stops=&#8221;#890c48 0%|#30011b 100%&#8221; background_color_gradient_start=&#8221;#890c48&#8243; background_color_gradient_end=&#8221;#30011b&#8221; background_image=&#8221;https:\/\/gasb.de\/wp-content\/uploads\/2021\/05\/Element-2@3x.png&#8221; parallax=&#8221;on&#8221; custom_margin=&#8221;-27px||||false|false&#8221; custom_padding=&#8221;80px|0px||0px&#8221; animation_style=&#8221;slide&#8221; animation_direction=&#8221;top&#8221; animation_intensity_slide=&#8221;2%&#8221; animation_starting_opacity=&#8221;100%&#8221; locked=&#8221;off&#8221; global_colors_info=&#8221;{%22gcid-b290706e-adf1-4fb7-a725-22e90603be8f%22:%91%22background_color%22%93}&#8221;][et_pb_row _builder_version=&#8221;4.16&#8243; width=&#8221;70%&#8221; max_width=&#8221;70%&#8221; module_alignment=&#8221;center&#8221; custom_margin=&#8221;|||&#8221; custom_padding=&#8221;0px||0px|&#8221; custom_width_px=&#8221;1440px&#8221; global_colors_info=&#8221;{}&#8221;][et_pb_column type=&#8221;4_4&#8243; _builder_version=&#8221;4.16&#8243; custom_padding=&#8221;||28px||false|false&#8221; global_colors_info=&#8221;{}&#8221; custom_padding__hover=&#8221;|||&#8221;][et_pb_text _builder_version=&#8221;4.19.1&#8243; text_font=&#8221;||||||||&#8221; header_font=&#8221;Playfair Display|700|||||||&#8221; header_text_color=&#8221;#ffffff&#8221; header_font_size=&#8221;60px&#8221; header_line_height=&#8221;1.5em&#8221; header_2_font=&#8221;||||||||&#8221; header_3_font=&#8221;||||||||&#8221; header_4_font=&#8221;||||||||&#8221; header_5_font=&#8221;||||||||&#8221; header_6_font=&#8221;||||||||&#8221; width=&#8221;100%&#8221; custom_margin=&#8221;||20px|&#8221; custom_padding=&#8221;0px|0px||||&#8221; header_font_size_tablet=&#8221;60px&#8221; header_font_size_phone=&#8221;45px&#8221; header_font_size_last_edited=&#8221;on|phone&#8221; locked=&#8221;off&#8221; inline_fonts=&#8221;Voces,Ubuntu,ABeeZee&#8221; global_colors_info=&#8221;{}&#8221;]<\/p>\n<h1><span style=\"font-family: ABeeZee; font-weight: normal;\"><strong>Impressum<\/strong><\/span><\/h1>\n<p>[\/et_pb_text][et_pb_divider color=&#8221;gcid-f40ca6e1-718e-44e1-9598-c5b64da96f4c&#8221; divider_weight=&#8221;3px&#8221; disabled_on=&#8221;on|on|off&#8221; _builder_version=&#8221;4.16&#8243; max_width=&#8221;80px&#8221; module_alignment=&#8221;left&#8221; height=&#8221;10px&#8221; custom_margin=&#8221;||20px|&#8221; animation_style=&#8221;slide&#8221; animation_direction=&#8221;bottom&#8221; saved_tabs=&#8221;all&#8221; locked=&#8221;off&#8221; global_colors_info=&#8221;{%22gcid-f40ca6e1-718e-44e1-9598-c5b64da96f4c%22:%91%22color%22%93}&#8221;][\/et_pb_divider][et_pb_text _builder_version=&#8221;4.16&#8243; text_font=&#8221;Poppins||||||||&#8221; text_text_color=&#8221;rgba(255,255,255,0.8)&#8221; text_font_size=&#8221;18px&#8221; text_line_height=&#8221;1.8em&#8221; header_font=&#8221;||||||||&#8221; custom_padding=&#8221;||0px|||&#8221; locked=&#8221;off&#8221; global_colors_info=&#8221;{}&#8221;]<\/p>\n<p><span>Verantwortlich f\u00fcr den Internetauftritt ist die &#8220;German Association for Synthetic Biology \u2013 GASB e.V.&#8221;<\/span><\/p>\n<p>[\/et_pb_text][\/et_pb_column][\/et_pb_row][\/et_pb_section][et_pb_section fb_built=&#8221;1&#8243; _builder_version=&#8221;4.16&#8243; _module_preset=&#8221;default&#8221; custom_margin=&#8221;0px||||false|false&#8221; custom_padding=&#8221;112px||||false|false&#8221; locked=&#8221;off&#8221; global_colors_info=&#8221;{}&#8221;][et_pb_row _builder_version=&#8221;4.16&#8243; _module_preset=&#8221;default&#8221; custom_margin=&#8221;-90px|auto|-63px|auto|false|false&#8221; custom_padding=&#8221;||0px|||&#8221; locked=&#8221;off&#8221; global_colors_info=&#8221;{}&#8221;][et_pb_column type=&#8221;4_4&#8243; _builder_version=&#8221;4.16&#8243; _module_preset=&#8221;default&#8221; global_colors_info=&#8221;{}&#8221;][et_pb_text _builder_version=&#8221;4.16&#8243; text_font=&#8221;Poppins||||||||&#8221; header_font=&#8221;Poppins||||||||&#8221; header_text_align=&#8221;left&#8221; header_text_color=&#8221;#2b2b2b&#8221; header_line_height=&#8221;1.3em&#8221; header_2_font=&#8221;Playfair Display|700|||||||&#8221; header_2_text_align=&#8221;left&#8221; header_2_text_color=&#8221;#2b2b2b&#8221; header_2_font_size=&#8221;42px&#8221; header_2_line_height=&#8221;1.5em&#8221; text_orientation=&#8221;center&#8221; module_alignment=&#8221;center&#8221; custom_margin=&#8221;||10px|&#8221; header_font_size_tablet=&#8221;&#8221; header_font_size_phone=&#8221;&#8221; header_font_size_last_edited=&#8221;on|phone&#8221; global_colors_info=&#8221;{}&#8221;]<\/p>\n<h1><span style=\"font-family: Poppins; font-weight: normal;\"><strong>Vorstand<br \/><\/strong><\/span><\/h1>\n<p>[\/et_pb_text][et_pb_divider color=&#8221;#a05579&#8243; divider_weight=&#8221;3px&#8221; disabled_on=&#8221;on|on|off&#8221; _builder_version=&#8221;4.16&#8243; max_width=&#8221;80px&#8221; module_alignment=&#8221;left&#8221; height=&#8221;10px&#8221; custom_margin=&#8221;||20px|&#8221; animation_style=&#8221;slide&#8221; animation_direction=&#8221;bottom&#8221; saved_tabs=&#8221;all&#8221; locked=&#8221;off&#8221; global_colors_info=&#8221;{}&#8221;][\/et_pb_divider][et_pb_text _builder_version=&#8221;4.19.4&#8243; text_font=&#8221;Poppins||||||||&#8221; text_text_color=&#8221;rgba(0,0,0,0.4)&#8221; text_line_height=&#8221;1.9em&#8221; header_font=&#8221;||||||||&#8221; header_2_font=&#8221;||||||||&#8221; module_alignment=&#8221;center&#8221; custom_margin=&#8221;||30px|&#8221; global_colors_info=&#8221;{}&#8221;]<\/p>\n<p class=\"\">Louis Schanzmann (Pr\u00e4sident)<br \/>Carolina Elizondo (Vize-Pr\u00e4sident)<br \/>Raoul Polder (Schatzmeister)<br \/>Lena Maria H\u00fcmmler<br \/>Florian H\u00e4nsel<br \/>Andrea P\u00f6nitzsch<br \/>Nikita Edel<\/p>\n<p class=\"\">Registergericht: Amtsgericht Marburg, Registernummer: VR 5383, StNr. 03125000774<\/p>\n<p class=\"\"><strong>Kontakt<\/strong><br \/>GASB e.V.<br \/><span>Karl-von-Frisch-Str. 14<\/span><br \/><span>35043 Marburg<\/span><\/p>\n<p><strong>Mailkontakt<\/strong><br \/>info@ga-sb.de<\/p>\n<p class=\"\">Inhaltlich Verantwortliche gem\u00e4\u00df \u00a7 6 MDStV und \u00a7 55 Abs. 2 RStV: Louis Schanzmann, Carolina Elizondo, Raoul Polder und Michael Sp\u00e4dt.<\/p>\n<p>[\/et_pb_text][\/et_pb_column][\/et_pb_row][\/et_pb_section][et_pb_section fb_built=&#8221;1&#8243; _builder_version=&#8221;4.16&#8243; _module_preset=&#8221;default&#8221; custom_margin=&#8221;0px||||false|false&#8221; custom_padding=&#8221;112px||||false|false&#8221; locked=&#8221;off&#8221; global_colors_info=&#8221;{}&#8221;][et_pb_row _builder_version=&#8221;4.19.1&#8243; _module_preset=&#8221;default&#8221; custom_margin=&#8221;-90px||-130px||false|false&#8221; locked=&#8221;off&#8221; global_colors_info=&#8221;{}&#8221;][et_pb_column type=&#8221;4_4&#8243; _builder_version=&#8221;4.16&#8243; _module_preset=&#8221;default&#8221; global_colors_info=&#8221;{}&#8221;][et_pb_text _builder_version=&#8221;4.16&#8243; text_font=&#8221;Poppins||||||||&#8221; header_font=&#8221;Poppins||||||||&#8221; header_text_align=&#8221;left&#8221; header_text_color=&#8221;#2b2b2b&#8221; header_line_height=&#8221;1.3em&#8221; header_2_font=&#8221;Playfair Display|700|||||||&#8221; header_2_text_align=&#8221;left&#8221; header_2_text_color=&#8221;#2b2b2b&#8221; header_2_font_size=&#8221;42px&#8221; header_2_line_height=&#8221;1.5em&#8221; text_orientation=&#8221;center&#8221; module_alignment=&#8221;center&#8221; custom_margin=&#8221;||10px|&#8221; global_colors_info=&#8221;{}&#8221;]<\/p>\n<h1><span style=\"font-family: Poppins; font-weight: normal;\"><strong>Nutzungshinweise<\/strong><\/span><\/h1>\n<p>[\/et_pb_text][et_pb_divider color=&#8221;#a05579&#8243; divider_weight=&#8221;3px&#8221; disabled_on=&#8221;on|on|off&#8221; _builder_version=&#8221;4.16&#8243; max_width=&#8221;80px&#8221; module_alignment=&#8221;left&#8221; height=&#8221;10px&#8221; custom_margin=&#8221;||20px|&#8221; animation_style=&#8221;slide&#8221; animation_direction=&#8221;bottom&#8221; saved_tabs=&#8221;all&#8221; locked=&#8221;off&#8221; global_colors_info=&#8221;{}&#8221;][\/et_pb_divider][et_pb_text _builder_version=&#8221;4.19.1&#8243; text_font=&#8221;Poppins||||||||&#8221; text_text_color=&#8221;rgba(0,0,0,0.4)&#8221; text_line_height=&#8221;1.9em&#8221; header_font=&#8221;||||||||&#8221; header_2_font=&#8221;||||||||&#8221; module_alignment=&#8221;center&#8221; custom_margin=&#8221;||124px||false|false&#8221; link_option_url_new_window=&#8221;on&#8221; global_colors_info=&#8221;{}&#8221;]<\/p>\n<p class=\"\">Die unerlaubte Vervielf\u00e4ltigung oder Weitergabe einzelner Inhalte oder kompletter Seiten ist nicht gestattet und strafbar. Lediglich die Herstellung von Kopien und Downloads f\u00fcr den pers\u00f6nlichen, privaten und nicht kommerziellen Gebrauch ist erlaubt.<\/p>\n<p class=\"\">Haftungshinweis: Trotz sorgf\u00e4ltiger inhaltlicher Kontrolle \u00fcbernehmen wir keine Haftung f\u00fcr die Inhalte externer Links. F\u00fcr den Inhalt der verlinkten Seiten sind ausschlie\u00dflich deren Betreiber verantwortlich.<\/p>\n<p class=\"\">Bitte beachten Sie hierzu auch folgende Hinweise<\/p>\n<p class=\"\"><strong>Redaktion<\/strong><br \/>Die Gesamtredaktion liegt &#8211; soweit nicht anders angegeben \u2013 bei<br \/>Louis Schanzmann<br \/>Carolina Elizondo<br \/>Raoul Polder<br \/>Florian H\u00e4nsel<br \/>Michael Sp\u00e4dt<\/p>\n<p class=\"\"><strong>Links<\/strong><br \/>Die Internetseiten der GASB enthalten Links (Verbindungen, Verkn\u00fcpfungen) zu Webseiten anderer Anbieter. Auf den Inhalt und die Gestaltung dieser Webseiten, insbesondere auf die nachtr\u00e4gliche \u00c4nderung von deren Inhalten, haben wir keinen Einfluss. Wir haben auch keinen Einfluss darauf, ob die Betreiber dieser Webseiten die Datenschutzbestimmungen gem\u00e4\u00df BDSG einhalten. Links k\u00f6nnen zu Servern f\u00fchren, die sich nicht in Deutschland befinden und daher auch nicht dem BDSG unterliegen.<\/p>\n<p class=\"\">Aus Gr\u00fcnden der besseren Lesbarkeit verzichten wir zumeist auf die gleichzeitige Verwendung m\u00e4nnlicher und weiblicher Sprachformen. Wird nur die m\u00e4nnliche Form verwendet, so ist die weibliche Form selbstverst\u00e4ndlich immer mit eingeschlossen.<\/p>\n<p class=\"\">Informationen zum Datenschutz gem\u00e4\u00df der europ\u00e4ischen Datenschutzgrundverordnung (DSGVO) und dem deutschen Datenschutzrecht (BDSGV) finden Sie <a href=\"https:\/\/gasb.de\/wp-content\/uploads\/2021\/07\/DSGVODisclaimer.pdf\">hier<\/a>.<\/p>\n<p>&nbsp;<\/p>\n<p class=\"\" style=\"white-space: pre-wrap;\"><span><\/span><\/p>\n<p>[\/et_pb_text][\/et_pb_column][\/et_pb_row][\/et_pb_section]<\/p>\n","protected":false},"excerpt":{"rendered":"<p>ImpressumVerantwortlich f\u00fcr den Internetauftritt ist die &#8220;German Association for Synthetic Biology \u2013 GASB e.V.&#8221;VorstandLouis Schanzmann (Pr\u00e4sident)Carolina Elizondo (Vize-Pr\u00e4sident)Raoul Polder (Schatzmeister)Lena Maria H\u00fcmmlerFlorian H\u00e4nselAndrea P\u00f6nitzschNikita Edel Registergericht: Amtsgericht Marburg, Registernummer: VR 5383, StNr. 03125000774 KontaktGASB e.V.Karl-von-Frisch-Str. 1435043 Marburg Mailkontaktinfo@ga-sb.de Inhaltlich Verantwortliche gem\u00e4\u00df \u00a7 6 MDStV und \u00a7 55 Abs. 2 RStV: Louis Schanzmann, Carolina Elizondo, Raoul [&hellip;]<\/p>\n","protected":false},"author":1,"featured_media":0,"parent":0,"menu_order":0,"comment_status":"closed","ping_status":"closed","template":"","meta":{"_et_pb_use_builder":"on","_et_pb_old_content":"","_et_gb_content_width":"","footnotes":""},"class_list":["post-1270","page","type-page","status-publish","hentry"],"wpcf_dashboard":"<div class=\"woocommerce\"><div class=\"woocommerce-info\">Please log in first? <a class=\"wpneoShowLogin\" href=\"#\">Click here to login<\/a><\/div><div class=\"wpneo_login_form_div\" style=\"display: none;\"><form name=\"loginform\" id=\"loginform\" action=\"https:\/\/gasb.de\/wp-login.php\" method=\"post\"><p class=\"login-username\">\n\t\t\t\t<label for=\"user_login\">Benutzername oder E-Mail-Adresse<\/label>\n\t\t\t\t<input type=\"text\" name=\"log\" id=\"user_login\" autocomplete=\"username\" class=\"input\" value=\"\" size=\"20\" \/>\n\t\t\t<\/p><p class=\"login-password\">\n\t\t\t\t<label for=\"user_pass\">Passwort<\/label>\n\t\t\t\t<input type=\"password\" name=\"pwd\" id=\"user_pass\" autocomplete=\"current-password\" spellcheck=\"false\" class=\"input\" value=\"\" size=\"20\" \/>\n\t\t\t<\/p><p class=\"login-remember\"><label><input name=\"rememberme\" type=\"checkbox\" id=\"rememberme\" value=\"forever\" \/> Angemeldet bleiben<\/label><\/p><p class=\"login-submit\">\n\t\t\t\t<input type=\"submit\" name=\"wp-submit\" id=\"wp-submit\" class=\"button button-primary\" value=\"Anmelden\" \/>\n\t\t\t\t<input type=\"hidden\" name=\"redirect_to\" value=\"https:\/\/gasb.de\/de\/wp-json\/wp\/v2\/pages\/1270\" \/>\n\t\t\t<\/p><\/form><\/div><\/div>","jetpack_sharing_enabled":true,"_links":{"self":[{"href":"https:\/\/gasb.de\/de\/wp-json\/wp\/v2\/pages\/1270"}],"collection":[{"href":"https:\/\/gasb.de\/de\/wp-json\/wp\/v2\/pages"}],"about":[{"href":"https:\/\/gasb.de\/de\/wp-json\/wp\/v2\/types\/page"}],"author":[{"embeddable":true,"href":"https:\/\/gasb.de\/de\/wp-json\/wp\/v2\/users\/1"}],"replies":[{"embeddable":true,"href":"https:\/\/gasb.de\/de\/wp-json\/wp\/v2\/comments?post=1270"}],"version-history":[{"count":23,"href":"https:\/\/gasb.de\/de\/wp-json\/wp\/v2\/pages\/1270\/revisions"}],"predecessor-version":[{"id":246142,"href":"https:\/\/gasb.de\/de\/wp-json\/wp\/v2\/pages\/1270\/revisions\/246142"}],"wp:attachment":[{"href":"https:\/\/gasb.de\/de\/wp-json\/wp\/v2\/media?parent=1270"}],"curies":[{"name":"wp","href":"https:\/\/api.w.org\/{rel}","templated":true}]}}